{"id":2926,"date":"2019-12-09T01:58:07","date_gmt":"2019-12-09T00:58:07","guid":{"rendered":"https:\/\/eco-pack.cl\/?post_type=product&#038;p=2926"},"modified":"2023-07-18T17:08:34","modified_gmt":"2023-07-18T15:08:34","slug":"clamshell-1200-ml","status":"publish","type":"product","link":"https:\/\/eco-pack.cl\/?product=clamshell-1200-ml","title":{"rendered":"Clamshell 1200 ml &#8211; 200 u"},"content":{"rendered":"<ul>\n<li>Clamshell 1200 ml<\/li>\n<li>200 unidades<\/li>\n<li>Precio incluye IVA<\/li>\n<\/ul>\n<p>Envase compostable de ca\u00f1a de az\u00facar ideal para delivery, es aprueba de aceite, agua y apto para microondas. Es resistente, duradero, ecol\u00f3gico y biodegradable. Sirve como bagazo, porta sandwich, porta papas fritas, porta comida en general, multiuso.<\/p>\n","protected":false},"excerpt":{"rendered":"<div class=\"eco-dimenciones\">\n<p><img decoding=\"async\" src=\"https:\/\/eco-pack.cl\/wp-content\/uploads\/2019\/11\/icono-dimenciones.png\" alt=\"eco-pack\" \/><\/p>\n<div class=\"largo-ancho\">\n<p>largo &#8211; ancho &#8211; alto<\/p>\n<p>22 \/ 20,3 \/ 7,6<\/p>\n<\/div>\n<\/div>\n<div class=\"eco-dimenciones\"><img decoding=\"async\" src=\"https:\/\/eco-pack.cl\/wp-content\/uploads\/2019\/11\/icono-package.png\" alt=\"eco-pack\" \/>2 x 100<\/div>\n","protected":false},"featured_media":2495,"comment_status":"open","ping_status":"closed","template":"","meta":[],"product_brand":[],"product_cat":[66,65],"product_tag":[],"class_list":{"0":"post-2926","1":"product","2":"type-product","3":"status-publish","4":"has-post-thumbnail","6":"product_cat-clamshell","7":"product_cat-eco-bagasse","9":"first","10":"instock","11":"sale","12":"shipping-taxable","13":"purchasable","14":"product-type-simple"},"_links":{"self":[{"href":"https:\/\/eco-pack.cl\/index.php?rest_route=\/wp\/v2\/product\/2926","targetHints":{"allow":["GET"]}}],"collection":[{"href":"https:\/\/eco-pack.cl\/index.php?rest_route=\/wp\/v2\/product"}],"about":[{"href":"https:\/\/eco-pack.cl\/index.php?rest_route=\/wp\/v2\/types\/product"}],"replies":[{"embeddable":true,"href":"https:\/\/eco-pack.cl\/index.php?rest_route=%2Fwp%2Fv2%2Fcomments&post=2926"}],"wp:featuredmedia":[{"embeddable":true,"href":"https:\/\/eco-pack.cl\/index.php?rest_route=\/wp\/v2\/media\/2495"}],"wp:attachment":[{"href":"https:\/\/eco-pack.cl\/index.php?rest_route=%2Fwp%2Fv2%2Fmedia&parent=2926"}],"wp:term":[{"taxonomy":"product_brand","embeddable":true,"href":"https:\/\/eco-pack.cl\/index.php?rest_route=%2Fwp%2Fv2%2Fproduct_brand&post=2926"},{"taxonomy":"product_cat","embeddable":true,"href":"https:\/\/eco-pack.cl\/index.php?rest_route=%2Fwp%2Fv2%2Fproduct_cat&post=2926"},{"taxonomy":"product_tag","embeddable":true,"href":"https:\/\/eco-pack.cl\/index.php?rest_route=%2Fwp%2Fv2%2Fproduct_tag&post=2926"}],"curies":[{"name":"wp","href":"https:\/\/api.w.org\/{rel}","templated":true}]}}