{"id":2526,"date":"2019-10-04T04:31:57","date_gmt":"2019-10-04T02:31:57","guid":{"rendered":"https:\/\/eco-pack.cl\/?post_type=product&#038;p=2526"},"modified":"2024-11-01T20:43:58","modified_gmt":"2024-11-01T19:43:58","slug":"bombillas-de-papel-6-mm-negras","status":"publish","type":"product","link":"https:\/\/eco-pack.cl\/?product=bombillas-de-papel-6-mm-negras","title":{"rendered":"Bombilla Papel Negra 6mm &#8211; 1000 u"},"content":{"rendered":"<ul>\n<li>Bombilla papel negra 6 mm<\/li>\n<li>1000 unidades<\/li>\n<li>Precio con IVA<\/li>\n<\/ul>\n<p>Bombilla de papel negra. Alternativa sustentable a la tradicional pl\u00e1stica. Tiene larga duraci\u00f3n y resistencia los l\u00edquidos. Es ecol\u00f3gica, biodegradable y 100% compostable.<\/p>\n","protected":false},"excerpt":{"rendered":"<div class=\"eco-dimenciones\">\n<p><img decoding=\"async\" src=\"https:\/\/eco-pack.cl\/wp-content\/uploads\/2019\/11\/icono-dimenciones.png\" alt=\"eco-pack\" \/><\/p>\n<div class=\"largo-ancho\">\n<p>di\u00e1metro &#8211; largo<\/p>\n<p>6mm \/ 20cm<\/p>\n<\/div>\n<\/div>\n<div class=\"eco-dimenciones\"><img decoding=\"async\" src=\"https:\/\/eco-pack.cl\/wp-content\/uploads\/2019\/11\/icono-package.png\" alt=\"eco-pack\" \/>4 x 250<\/div>\n<div><\/div>\n<div>\n<ul>\n<li>1000 unidades<\/li>\n<li>Precio con IVA<\/li>\n<\/ul>\n<\/div>\n","protected":false},"featured_media":2529,"comment_status":"open","ping_status":"closed","template":"","meta":[],"product_brand":[],"product_cat":[60,80],"product_tag":[],"class_list":{"0":"post-2526","1":"product","2":"type-product","3":"status-publish","4":"has-post-thumbnail","6":"product_cat-bombillas","7":"product_cat-eco-papel","9":"first","10":"instock","11":"shipping-taxable","12":"purchasable","13":"product-type-simple"},"_links":{"self":[{"href":"https:\/\/eco-pack.cl\/index.php?rest_route=\/wp\/v2\/product\/2526","targetHints":{"allow":["GET"]}}],"collection":[{"href":"https:\/\/eco-pack.cl\/index.php?rest_route=\/wp\/v2\/product"}],"about":[{"href":"https:\/\/eco-pack.cl\/index.php?rest_route=\/wp\/v2\/types\/product"}],"replies":[{"embeddable":true,"href":"https:\/\/eco-pack.cl\/index.php?rest_route=%2Fwp%2Fv2%2Fcomments&post=2526"}],"wp:featuredmedia":[{"embeddable":true,"href":"https:\/\/eco-pack.cl\/index.php?rest_route=\/wp\/v2\/media\/2529"}],"wp:attachment":[{"href":"https:\/\/eco-pack.cl\/index.php?rest_route=%2Fwp%2Fv2%2Fmedia&parent=2526"}],"wp:term":[{"taxonomy":"product_brand","embeddable":true,"href":"https:\/\/eco-pack.cl\/index.php?rest_route=%2Fwp%2Fv2%2Fproduct_brand&post=2526"},{"taxonomy":"product_cat","embeddable":true,"href":"https:\/\/eco-pack.cl\/index.php?rest_route=%2Fwp%2Fv2%2Fproduct_cat&post=2526"},{"taxonomy":"product_tag","embeddable":true,"href":"https:\/\/eco-pack.cl\/index.php?rest_route=%2Fwp%2Fv2%2Fproduct_tag&post=2526"}],"curies":[{"name":"wp","href":"https:\/\/api.w.org\/{rel}","templated":true}]}}