{"id":2503,"date":"2019-10-04T04:22:42","date_gmt":"2019-10-04T02:22:42","guid":{"rendered":"https:\/\/eco-pack.cl\/?post_type=product&#038;p=2503"},"modified":"2022-09-09T17:54:11","modified_gmt":"2022-09-09T15:54:11","slug":"bowl-350-ml","status":"publish","type":"product","link":"https:\/\/eco-pack.cl\/?product=bowl-350-ml","title":{"rendered":"Bowl 350 cc con Tapa Pet &#8211; 600 u"},"content":{"rendered":"<ul>\n<li>Bowl 350 cc con Tapa pet<\/li>\n<li>600 unidades<\/li>\n<li>Precio con IVA<\/li>\n<\/ul>\n<p>Bowl kraft, porta comida o envase multiuso de cart\u00f3n con tapa transparente, dise\u00f1ado para alimentos fr\u00edos y calientes. Es a prueba de derrame, apto para microondas y ecol\u00f3gico. Sirve como pote o envase de delivery, para ensaladas, sandwich y m\u00e1s.<\/p>\n","protected":false},"excerpt":{"rendered":"<div class=\"eco-dimenciones\">\n<p><img decoding=\"async\" src=\"https:\/\/eco-pack.cl\/wp-content\/uploads\/2019\/11\/icono-dimenciones.png\" alt=\"eco-pack\" \/><\/p>\n<div class=\"largo-ancho\">\n<p>di\u00e1metro &#8211; alto<\/p>\n<p>13 \/ 4,5 cm<\/p>\n<\/div>\n<\/div>\n<div class=\"eco-dimenciones\"><img decoding=\"async\" src=\"https:\/\/eco-pack.cl\/wp-content\/uploads\/2019\/11\/icono-package.png\" alt=\"eco-pack\" \/>4 x 150<\/div>\n<div><\/div>\n<div>\n<ul>\n<li>600 unidades<\/li>\n<li>Precio con IVA<\/li>\n<\/ul>\n<\/div>\n","protected":false},"featured_media":3384,"comment_status":"open","ping_status":"closed","template":"","meta":[],"product_brand":[],"product_cat":[67,65],"product_tag":[],"class_list":{"0":"post-2503","1":"product","2":"type-product","3":"status-publish","4":"has-post-thumbnail","6":"product_cat-bowl","7":"product_cat-eco-bagasse","9":"first","10":"instock","11":"shipping-taxable","12":"purchasable","13":"product-type-simple"},"_links":{"self":[{"href":"https:\/\/eco-pack.cl\/index.php?rest_route=\/wp\/v2\/product\/2503","targetHints":{"allow":["GET"]}}],"collection":[{"href":"https:\/\/eco-pack.cl\/index.php?rest_route=\/wp\/v2\/product"}],"about":[{"href":"https:\/\/eco-pack.cl\/index.php?rest_route=\/wp\/v2\/types\/product"}],"replies":[{"embeddable":true,"href":"https:\/\/eco-pack.cl\/index.php?rest_route=%2Fwp%2Fv2%2Fcomments&post=2503"}],"wp:featuredmedia":[{"embeddable":true,"href":"https:\/\/eco-pack.cl\/index.php?rest_route=\/wp\/v2\/media\/3384"}],"wp:attachment":[{"href":"https:\/\/eco-pack.cl\/index.php?rest_route=%2Fwp%2Fv2%2Fmedia&parent=2503"}],"wp:term":[{"taxonomy":"product_brand","embeddable":true,"href":"https:\/\/eco-pack.cl\/index.php?rest_route=%2Fwp%2Fv2%2Fproduct_brand&post=2503"},{"taxonomy":"product_cat","embeddable":true,"href":"https:\/\/eco-pack.cl\/index.php?rest_route=%2Fwp%2Fv2%2Fproduct_cat&post=2503"},{"taxonomy":"product_tag","embeddable":true,"href":"https:\/\/eco-pack.cl\/index.php?rest_route=%2Fwp%2Fv2%2Fproduct_tag&post=2503"}],"curies":[{"name":"wp","href":"https:\/\/api.w.org\/{rel}","templated":true}]}}