{"id":2444,"date":"2019-09-26T04:55:56","date_gmt":"2019-09-26T02:55:56","guid":{"rendered":"https:\/\/eco-pack.cl\/?post_type=product&#038;p=2444"},"modified":"2023-07-18T19:08:18","modified_gmt":"2023-07-18T17:08:18","slug":"clamshell-500-ml-500-u","status":"publish","type":"product","link":"https:\/\/eco-pack.cl\/?product=clamshell-500-ml-500-u","title":{"rendered":"Clamshell 500 ml &#8211; 500 u"},"content":{"rendered":"<ul>\n<li>Clamshell 500 ml<\/li>\n<li>500 unidades<\/li>\n<li>Precio con IVA<\/li>\n<\/ul>\n<p>Envase compostable de ca\u00f1a de az\u00facar ideal para delivery, es aprueba de aceite, agua y apto para microondas. Es resistente, duradero, ecol\u00f3gico y biodegradable. Sirve como bagazo, porta sandwich, porta papas fritas, porta comida en general, multiuso.<\/p>\n","protected":false},"excerpt":{"rendered":"<div class=\"eco-dimenciones\">\n<p><img decoding=\"async\" src=\"https:\/\/eco-pack.cl\/wp-content\/uploads\/2019\/11\/icono-dimenciones.png\" alt=\"eco-pack\" \/><\/p>\n<div class=\"largo-ancho\">\n<p>largo &#8211; ancho &#8211; alto<\/p>\n<p>15,2 \/ 15,2 \/ 7,6<\/p>\n<\/div>\n<\/div>\n<div class=\"eco-dimenciones\"><img decoding=\"async\" src=\"https:\/\/eco-pack.cl\/wp-content\/uploads\/2019\/11\/icono-package.png\" alt=\"eco-pack\" \/>4 x 125<\/div>\n<div><\/div>\n<div>\n<ul>\n<li>500 unidades<\/li>\n<li>Precio con IVA<\/li>\n<\/ul>\n<\/div>\n","protected":false},"featured_media":2446,"comment_status":"open","ping_status":"closed","template":"","meta":[],"product_brand":[],"product_cat":[66,65],"product_tag":[],"class_list":{"0":"post-2444","1":"product","2":"type-product","3":"status-publish","4":"has-post-thumbnail","6":"product_cat-clamshell","7":"product_cat-eco-bagasse","9":"first","10":"instock","11":"sale","12":"shipping-taxable","13":"purchasable","14":"product-type-simple"},"_links":{"self":[{"href":"https:\/\/eco-pack.cl\/index.php?rest_route=\/wp\/v2\/product\/2444","targetHints":{"allow":["GET"]}}],"collection":[{"href":"https:\/\/eco-pack.cl\/index.php?rest_route=\/wp\/v2\/product"}],"about":[{"href":"https:\/\/eco-pack.cl\/index.php?rest_route=\/wp\/v2\/types\/product"}],"replies":[{"embeddable":true,"href":"https:\/\/eco-pack.cl\/index.php?rest_route=%2Fwp%2Fv2%2Fcomments&post=2444"}],"wp:featuredmedia":[{"embeddable":true,"href":"https:\/\/eco-pack.cl\/index.php?rest_route=\/wp\/v2\/media\/2446"}],"wp:attachment":[{"href":"https:\/\/eco-pack.cl\/index.php?rest_route=%2Fwp%2Fv2%2Fmedia&parent=2444"}],"wp:term":[{"taxonomy":"product_brand","embeddable":true,"href":"https:\/\/eco-pack.cl\/index.php?rest_route=%2Fwp%2Fv2%2Fproduct_brand&post=2444"},{"taxonomy":"product_cat","embeddable":true,"href":"https:\/\/eco-pack.cl\/index.php?rest_route=%2Fwp%2Fv2%2Fproduct_cat&post=2444"},{"taxonomy":"product_tag","embeddable":true,"href":"https:\/\/eco-pack.cl\/index.php?rest_route=%2Fwp%2Fv2%2Fproduct_tag&post=2444"}],"curies":[{"name":"wp","href":"https:\/\/api.w.org\/{rel}","templated":true}]}}