{"id":13078,"date":"2022-03-11T16:15:12","date_gmt":"2022-03-11T15:15:12","guid":{"rendered":"https:\/\/eco-pack.cl\/?post_type=product&#038;p=13078"},"modified":"2023-11-30T15:11:07","modified_gmt":"2023-11-30T14:11:07","slug":"bowl-750-cc-c-tapa-pet-300-u","status":"publish","type":"product","link":"https:\/\/eco-pack.cl\/?product=bowl-750-cc-c-tapa-pet-300-u","title":{"rendered":"Bowl 750 cc c\/Tapa Pet- 300 u"},"content":{"rendered":"<ul>\n<li>Bowl 750 cc con Tapa Pet<\/li>\n<li>300 unidades<\/li>\n<li>Precio incluye IVA<\/li>\n<\/ul>\n<p>Bowl kraft, porta comida o envase multusio de cart\u00f3n con tapa transparente, dise\u00f1ado para alimentos frios y calientes. Es a prueba de derrame, apto para microondas y ecol\u00f3gico. Sirve como pote o envase de delivery, para ensaladas, sandwich y m\u00e1s.<\/p>\n","protected":false},"excerpt":{"rendered":"<div class=\"eco-dimenciones\">\n<p><img decoding=\"async\" src=\"https:\/\/eco-pack.cl\/wp-content\/uploads\/2019\/11\/icono-dimenciones.png\" alt=\"eco-pack\" \/><\/p>\n<div class=\"largo-ancho\">\n<p>di\u00e1metro &#8211; alto<\/p>\n<p>14,8 \/ 8,8 cm<\/p>\n<\/div>\n<\/div>\n<div class=\"eco-dimenciones\"><img decoding=\"async\" src=\"https:\/\/eco-pack.cl\/wp-content\/uploads\/2019\/11\/icono-package.png\" alt=\"eco-pack\" \/>1 x 300<\/div>\n","protected":false},"featured_media":3227,"comment_status":"open","ping_status":"closed","template":"","meta":[],"product_brand":[],"product_cat":[73,72],"product_tag":[],"class_list":{"0":"post-13078","1":"product","2":"type-product","3":"status-publish","4":"has-post-thumbnail","6":"product_cat-bowls-ensalada","7":"product_cat-eco-kraft","9":"first","10":"instock","11":"shipping-taxable","12":"purchasable","13":"product-type-simple"},"_links":{"self":[{"href":"https:\/\/eco-pack.cl\/index.php?rest_route=\/wp\/v2\/product\/13078","targetHints":{"allow":["GET"]}}],"collection":[{"href":"https:\/\/eco-pack.cl\/index.php?rest_route=\/wp\/v2\/product"}],"about":[{"href":"https:\/\/eco-pack.cl\/index.php?rest_route=\/wp\/v2\/types\/product"}],"replies":[{"embeddable":true,"href":"https:\/\/eco-pack.cl\/index.php?rest_route=%2Fwp%2Fv2%2Fcomments&post=13078"}],"wp:featuredmedia":[{"embeddable":true,"href":"https:\/\/eco-pack.cl\/index.php?rest_route=\/wp\/v2\/media\/3227"}],"wp:attachment":[{"href":"https:\/\/eco-pack.cl\/index.php?rest_route=%2Fwp%2Fv2%2Fmedia&parent=13078"}],"wp:term":[{"taxonomy":"product_brand","embeddable":true,"href":"https:\/\/eco-pack.cl\/index.php?rest_route=%2Fwp%2Fv2%2Fproduct_brand&post=13078"},{"taxonomy":"product_cat","embeddable":true,"href":"https:\/\/eco-pack.cl\/index.php?rest_route=%2Fwp%2Fv2%2Fproduct_cat&post=13078"},{"taxonomy":"product_tag","embeddable":true,"href":"https:\/\/eco-pack.cl\/index.php?rest_route=%2Fwp%2Fv2%2Fproduct_tag&post=13078"}],"curies":[{"name":"wp","href":"https:\/\/api.w.org\/{rel}","templated":true}]}}