{"id":3057,"date":"2020-08-19T16:01:08","date_gmt":"2020-08-19T14:01:08","guid":{"rendered":"https:\/\/eco-pack.cl\/?page_id=3057"},"modified":"2021-04-19T22:57:21","modified_gmt":"2021-04-19T20:57:21","slug":"terminos-y-condiciones","status":"publish","type":"page","link":"https:\/\/eco-pack.cl\/?page_id=3057","title":{"rendered":"Terminos y Condiciones."},"content":{"rendered":"<p>[vc_row][vc_column][vc_column_text text_larger=&#8221;no&#8221;]<strong>ASPECTOS GENERALES:<\/strong> Estos T\u00e9rminos y Condiciones regulan se aplican y se entienden formar parte de todos los actos y contratos que se ejecuten o celebren mediante los sistemas de oferta y comercializaci\u00f3n comprendidos en este sitio web entre sus usuarios y\u00a0 Eco pack, (en adelante \u201cel Proveedor\u201d) de conformidad a las leyes chilenas y seg\u00fan los est\u00e1ndares generalmente aceptados por el comercio electr\u00f3nico. Las empresas relacionadas con el Proveedor tienen sus propios t\u00e9rminos y condiciones para los actos y contratos que realicen aqu\u00ed o en otros sitios, que prevalecen sobre estos. Junto con este documento el Usuario podr\u00e1 acceder, en este mismo sitio, a los hiperv\u00ednculos; \u201cM\u00e9todos y costos de env\u00edo\u201d; \u201cPol\u00edtica de devoluci\u00f3n y cambios\u201d; \u201cPrivacidad y seguridad\u201d; \u201cMapa del sitio\u201d y otros, cuyo objeto es facilitar el acceso e incrementar los beneficios de uso del sitio, que pueden variar peri\u00f3dicamente. El Usuario gozar\u00e1 de los derechos que le reconoce la ley chilena, y de los que le otorgan estos t\u00e9rminos y condiciones.<\/p>\n<p><strong>CAMBIO DE PRODUCTOS:<\/strong> El Consumidor tiene derecho a exigir el cambio del producto defectuoso, y a sus garant\u00edas legales o voluntarias, en conformidad a la ley sobre protecci\u00f3n de los derechos de los consumidores, enviando un correo electr\u00f3nico a contacto@eco-pack.cl para que el producto sea retirado en el domicilio del cliente. El retiro no tendr\u00e1 costo para el cliente, pero deber\u00e1 presentar la boleta respectiva.<\/p>\n<p><strong>OBLIGACIONES ESPECIALES DEL PROVEEDOR:<\/strong>\u00a0En los contratos ofrecidos en este sitio, el Proveedor informar\u00e1, en forma inequ\u00edvoca y f\u00e1cilmente accesible: los pasos que deben seguirse para celebrarlos; su direcci\u00f3n de correo electr\u00f3nico y los medios t\u00e9cnicos a disposici\u00f3n del Usuario para identificar y corregir errores en el env\u00edo o en sus datos; y, si el documento electr\u00f3nico en que se formalice el contrato fuera archivado, c\u00f3mo ser\u00e1 accesible al consumidor. Estas obligaciones se entender\u00e1n cumplidas por el hecho de seguir el Usuario los pasos que se indican en el sitio para hacer una compra o contratar un servicio.<\/p>\n<p><strong>MEDIOS DE PAGO A\u00a0UTILIZAR EN ESTE SITIO:<\/strong>\u00a0A menos que se se\u00f1ale una forma diferente para casos u ofertas espec\u00edficos los productos y servicios ofrecidos en este sitio s\u00f3lo pueden ser pagados con: Transferencia electr\u00f3nica a la cuenta de banco opcional mostrada en el sitio web o transacci\u00f3n con Webpay plus.<\/p>\n<p><strong>DESPACHO DE LOS PRODUCTOS:<\/strong>\u00a0Los productos adquiridos se sujetar\u00e1n a las condiciones de despacho y entrega elegidas por el Usuario y disponibles en el sitio. Si hubiera productos almacenados en diferentes lugares, podr\u00e1n despacharse en forma independiente, seg\u00fan las alternativas disponibles en el sitio y escogidas por el Usuario. La informaci\u00f3n del lugar de env\u00edo es de exclusiva responsabilidad del usuario.<\/p>\n<p><strong>ALCANCE DE LAS OFERTAS CONTENIDAS EN ESTE SITIO:<\/strong>\u00a0Los precios ofrecidos estar\u00e1n disponibles mientras aparezcan en el sitio, y no se aplicar\u00e1n a otros canales de venta del Proveedor, como tiendas f\u00edsicas, cat\u00e1logos, televisi\u00f3n, radio, u otros. El Proveedor podr\u00e1 modificar las informaciones dadas en este sitio, incluyendo las referidas a mercader\u00edas, servicios, precios, existencias y condiciones, en cualquier momento y sin previo aviso, hasta recibir una aceptaci\u00f3n del Consumidor, que obligar\u00e1 al Proveedor, sujeto a las condiciones de confirmaci\u00f3n que indicadas en el n\u00famero 6\u00ba.<\/p>\n<p><strong>PROMOCIONES:<\/strong>\u00a0Las promociones que se ofrezcan en este sitio no son necesariamente las mismas que ofrezcan otros canales de venta del Proveedor, a menos que se exprese en este sitio o en la publicidad del Proveedor para cada promoci\u00f3n. En las promociones que consistan en la entrega gratuita o rebajada de un producto por la compra de otro, el despacho del bien que se entregue gratuitamente o a precio rebajado se har\u00e1 en el mismo lugar al cual se despacha el producto comprado, salvo que el adquirente solicite, al aceptar la oferta, que los productos se remitan a direcciones distintas, en cuyo caso deber\u00e1 pagar el valor del despacho de ambos productos. No se podr\u00e1 participar en estas promociones sin adquirir conjuntamente todos los productos comprendidos en ellas.<\/p>\n<p><strong>OTROS SITIOS WEB:<\/strong>\u00a0\u00a0Las empresas no tendr\u00e1n responsabilidad sobre la informaci\u00f3n proporcionada por otros sitios web. Las empresas no repiten, avalan ni respaldan el acceso, informaci\u00f3n o contenido de otro sitio web o portal en los casos que dicho acceso se efect\u00fae desde o hacia \u00e9ste mediante enlace, banner o cualquier dispositivo disponible en la red.[\/vc_column_text][\/vc_column][\/vc_row]<\/p>\n","protected":false},"excerpt":{"rendered":"<p>[vc_row][vc_column][vc_column_text text_larger=&#8221;no&#8221;]ASPECTOS GENERALES: Estos T\u00e9rminos y Condiciones regulan se aplican y se entienden formar parte de todos los actos y<\/p>\n","protected":false},"author":1,"featured_media":0,"parent":0,"menu_order":0,"comment_status":"closed","ping_status":"closed","template":"","meta":{"footnotes":""},"class_list":["post-3057","page","type-page","status-publish","hentry"],"_links":{"self":[{"href":"https:\/\/eco-pack.cl\/index.php?rest_route=\/wp\/v2\/pages\/3057","targetHints":{"allow":["GET"]}}],"collection":[{"href":"https:\/\/eco-pack.cl\/index.php?rest_route=\/wp\/v2\/pages"}],"about":[{"href":"https:\/\/eco-pack.cl\/index.php?rest_route=\/wp\/v2\/types\/page"}],"author":[{"embeddable":true,"href":"https:\/\/eco-pack.cl\/index.php?rest_route=\/wp\/v2\/users\/1"}],"replies":[{"embeddable":true,"href":"https:\/\/eco-pack.cl\/index.php?rest_route=%2Fwp%2Fv2%2Fcomments&post=3057"}],"version-history":[{"count":2,"href":"https:\/\/eco-pack.cl\/index.php?rest_route=\/wp\/v2\/pages\/3057\/revisions"}],"predecessor-version":[{"id":3432,"href":"https:\/\/eco-pack.cl\/index.php?rest_route=\/wp\/v2\/pages\/3057\/revisions\/3432"}],"wp:attachment":[{"href":"https:\/\/eco-pack.cl\/index.php?rest_route=%2Fwp%2Fv2%2Fmedia&parent=3057"}],"curies":[{"name":"wp","href":"https:\/\/api.w.org\/{rel}","templated":true}]}}